{"id":11783,"date":"2023-12-05T17:23:13","date_gmt":"2023-12-05T17:23:13","guid":{"rendered":"https:\/\/pixelpiernyc.vamtam.com\/?page_id=11783"},"modified":"2025-06-13T00:51:23","modified_gmt":"2025-06-13T00:51:23","slug":"noah-zhao","status":"publish","type":"page","link":"https:\/\/preview.freepi.io\/sites\/ultraacoustics\/horizontal-layout\/noah-zhao\/","title":{"rendered":"Sistema integral"},"content":{"rendered":"\t\t<div data-elementor-type=\"wp-page\" data-elementor-id=\"11783\" class=\"elementor elementor-11783\" data-elementor-post-type=\"page\">\n\t\t\t\t<div class=\"elementor-element elementor-element-57503a2c elementor-hidden-mobile e-flex e-con-boxed e-con e-parent\" data-id=\"57503a2c\" data-element_type=\"container\">\n\t\t\t\t\t<div class=\"e-con-inner\">\n\t\t<div class=\"elementor-element elementor-element-19c19211 e-con-full e-flex e-con e-child\" data-id=\"19c19211\" data-element_type=\"container\">\n\t\t\t\t<div class=\"elementor-element elementor-element-505c03ea elementor-widget elementor-widget-text-editor\" data-id=\"505c03ea\" data-element_type=\"widget\" data-widget_type=\"text-editor.default\">\n\t\t\t\t\t\t\t\t\t<article class=\"text-token-text-primary w-full\" dir=\"auto\" data-testid=\"conversation-turn-127\" data-scroll-anchor=\"true\"><div class=\"text-base my-auto mx-auto py-5 [--thread-content-margin:--spacing(4)] @[37rem]:[--thread-content-margin:--spacing(6)] @[72rem]:[--thread-content-margin:--spacing(16)] px-(--thread-content-margin)\"><div class=\"[--thread-content-max-width:32rem] @[34rem]:[--thread-content-max-width:40rem] @[64rem]:[--thread-content-max-width:48rem] mx-auto flex max-w-(--thread-content-max-width) flex-1 text-base gap-4 md:gap-5 lg:gap-6 group\/turn-messages focus-visible:outline-hidden\" tabindex=\"-1\"><div class=\"group\/conversation-turn relative flex w-full min-w-0 flex-col agent-turn\"><div class=\"relative flex-col gap-1 md:gap-3\"><div class=\"flex max-w-full flex-col grow\"><div class=\"min-h-8 text-message relative flex w-full flex-col items-end gap-2 text-start break-words whitespace-normal [.text-message+&amp;]:mt-5\" dir=\"auto\" data-message-author-role=\"assistant\" data-message-id=\"c4b98bc2-74ed-4588-87a4-b81f8dceda03\" data-message-model-slug=\"o4-mini\"><div class=\"flex w-full flex-col gap-1 empty:hidden first:pt-[3px]\"><div class=\"markdown prose dark:prose-invert w-full break-words dark\"><p data-start=\"0\" data-end=\"399\" data-is-last-node=\"\" data-is-only-node=\"\">Cubrimos todo el ciclo de sonido en tu espacio: desde el dise\u00f1o e instalaci\u00f3n del equipo, la ambientaci\u00f3n ac\u00fastica y la gesti\u00f3n de licencias de uso, hasta el mantenimiento y soporte continuo. Nuestro enfoque end-to-end te asegura una soluci\u00f3n llave en mano sin preocupaciones, con actualizaciones autom\u00e1ticas y monitoreo experto para que tu sistema siempre funcione al m\u00e1ximo.<\/p><\/div><\/div><\/div><\/div><\/div><\/div><\/div><\/div><\/article>\t\t\t\t\t\t\t\t<\/div>\n\t\t\t\t<\/div>\n\t\t<div class=\"elementor-element elementor-element-73cc75e1 e-con-full e-flex e-con e-child\" data-id=\"73cc75e1\" data-element_type=\"container\">\n\t\t\t\t<div class=\"elementor-element elementor-element-4509cb88 elementor-widget elementor-widget-image\" data-id=\"4509cb88\" data-element_type=\"widget\" data-widget_type=\"image.default\">\n\t\t\t\t\t\t\t\t\t\t\t\t\t\t\t<img fetchpriority=\"high\" decoding=\"async\" width=\"1024\" height=\"1024\" src=\"https:\/\/preview.freepi.io\/sites\/ultraacoustics\/wp-content\/uploads\/2025\/06\/UAC_MUSIC_SISTEMA_INT-1024x1024.webp\" class=\"attachment-large size-large wp-image-989439\" alt=\"\" srcset=\"https:\/\/preview.freepi.io\/sites\/ultraacoustics\/wp-content\/uploads\/2025\/06\/UAC_MUSIC_SISTEMA_INT-1024x1024.webp 1024w, https:\/\/preview.freepi.io\/sites\/ultraacoustics\/wp-content\/uploads\/2025\/06\/UAC_MUSIC_SISTEMA_INT-300x300.webp 300w, https:\/\/preview.freepi.io\/sites\/ultraacoustics\/wp-content\/uploads\/2025\/06\/UAC_MUSIC_SISTEMA_INT-150x150.webp 150w, https:\/\/preview.freepi.io\/sites\/ultraacoustics\/wp-content\/uploads\/2025\/06\/UAC_MUSIC_SISTEMA_INT-768x768.webp 768w, https:\/\/preview.freepi.io\/sites\/ultraacoustics\/wp-content\/uploads\/2025\/06\/UAC_MUSIC_SISTEMA_INT.webp 1188w\" sizes=\"(max-width: 1024px) 100vw, 1024px\" \/>\t\t\t\t\t\t\t\t\t\t\t\t\t\t\t<\/div>\n\t\t\t\t<\/div>\n\t\t\t\t\t<\/div>\n\t\t\t\t<\/div>\n\t\t<div class=\"elementor-element elementor-element-b8bc6a0 elementor-hidden-desktop elementor-hidden-tablet e-flex e-con-boxed e-con e-parent\" data-id=\"b8bc6a0\" data-element_type=\"container\">\n\t\t\t\t\t<div class=\"e-con-inner\">\n\t\t<div class=\"elementor-element elementor-element-9dc3b30 e-con-full e-flex e-con e-child\" data-id=\"9dc3b30\" data-element_type=\"container\">\n\t\t\t\t<\/div>\n\t\t<div class=\"elementor-element elementor-element-4b7f587 e-con-full e-flex e-con e-child\" data-id=\"4b7f587\" data-element_type=\"container\">\n\t\t\t\t<div class=\"elementor-element elementor-element-ea24179 elementor-widget elementor-widget-text-editor\" data-id=\"ea24179\" data-element_type=\"widget\" data-widget_type=\"text-editor.default\">\n\t\t\t\t\t\t\t\t\t<article class=\"text-token-text-primary w-full\" dir=\"auto\" data-testid=\"conversation-turn-127\" data-scroll-anchor=\"true\"><div class=\"text-base my-auto mx-auto py-5 [--thread-content-margin:--spacing(4)] @[37rem]:[--thread-content-margin:--spacing(6)] @[72rem]:[--thread-content-margin:--spacing(16)] px-(--thread-content-margin)\"><div class=\"[--thread-content-max-width:32rem] @[34rem]:[--thread-content-max-width:40rem] @[64rem]:[--thread-content-max-width:48rem] mx-auto flex max-w-(--thread-content-max-width) flex-1 text-base gap-4 md:gap-5 lg:gap-6 group\/turn-messages focus-visible:outline-hidden\" tabindex=\"-1\"><div class=\"group\/conversation-turn relative flex w-full min-w-0 flex-col agent-turn\"><div class=\"relative flex-col gap-1 md:gap-3\"><div class=\"flex max-w-full flex-col grow\"><div class=\"min-h-8 text-message relative flex w-full flex-col items-end gap-2 text-start break-words whitespace-normal [.text-message+&amp;]:mt-5\" dir=\"auto\" data-message-author-role=\"assistant\" data-message-id=\"c4b98bc2-74ed-4588-87a4-b81f8dceda03\" data-message-model-slug=\"o4-mini\"><div class=\"flex w-full flex-col gap-1 empty:hidden first:pt-[3px]\"><div class=\"markdown prose dark:prose-invert w-full break-words dark\"><p data-start=\"0\" data-end=\"399\" data-is-last-node=\"\" data-is-only-node=\"\">Cubrimos todo el ciclo de sonido en tu espacio: desde el dise\u00f1o e instalaci\u00f3n del equipo, la ambientaci\u00f3n ac\u00fastica y la gesti\u00f3n de licencias de uso, hasta el mantenimiento y soporte continuo. Nuestro enfoque end-to-end te asegura una soluci\u00f3n llave en mano sin preocupaciones, con actualizaciones autom\u00e1ticas y monitoreo experto para que tu sistema siempre funcione al m\u00e1ximo.<\/p><\/div><\/div><\/div><\/div><\/div><\/div><\/div><\/div><\/article>\t\t\t\t\t\t\t\t<\/div>\n\t\t\t\t<div class=\"elementor-element elementor-element-0032794 elementor-widget elementor-widget-image\" data-id=\"0032794\" data-element_type=\"widget\" data-widget_type=\"image.default\">\n\t\t\t\t\t\t\t\t\t\t\t\t\t\t\t<img fetchpriority=\"high\" decoding=\"async\" width=\"1024\" height=\"1024\" src=\"https:\/\/preview.freepi.io\/sites\/ultraacoustics\/wp-content\/uploads\/2025\/06\/UAC_MUSIC_SISTEMA_INT-1024x1024.webp\" class=\"attachment-large size-large wp-image-989439\" alt=\"\" srcset=\"https:\/\/preview.freepi.io\/sites\/ultraacoustics\/wp-content\/uploads\/2025\/06\/UAC_MUSIC_SISTEMA_INT-1024x1024.webp 1024w, https:\/\/preview.freepi.io\/sites\/ultraacoustics\/wp-content\/uploads\/2025\/06\/UAC_MUSIC_SISTEMA_INT-300x300.webp 300w, https:\/\/preview.freepi.io\/sites\/ultraacoustics\/wp-content\/uploads\/2025\/06\/UAC_MUSIC_SISTEMA_INT-150x150.webp 150w, https:\/\/preview.freepi.io\/sites\/ultraacoustics\/wp-content\/uploads\/2025\/06\/UAC_MUSIC_SISTEMA_INT-768x768.webp 768w, https:\/\/preview.freepi.io\/sites\/ultraacoustics\/wp-content\/uploads\/2025\/06\/UAC_MUSIC_SISTEMA_INT.webp 1188w\" sizes=\"(max-width: 1024px) 100vw, 1024px\" \/>\t\t\t\t\t\t\t\t\t\t\t\t\t\t\t<\/div>\n\t\t\t\t<\/div>\n\t\t\t\t\t<\/div>\n\t\t\t\t<\/div>\n\t\t\t\t<\/div>\n\t\t","protected":false},"excerpt":{"rendered":"<p>Soluci\u00f3n end to end. Equipo, ambiente, licencias de uso, etc<\/p>\n","protected":false},"author":1,"featured_media":989439,"parent":4604,"menu_order":0,"comment_status":"closed","ping_status":"closed","template":"","meta":{"inline_featured_image":false,"footnotes":""},"class_list":["post-11783","page","type-page","status-publish","has-post-thumbnail","hentry"],"_links":{"self":[{"href":"https:\/\/preview.freepi.io\/sites\/ultraacoustics\/wp-json\/wp\/v2\/pages\/11783","targetHints":{"allow":["GET"]}}],"collection":[{"href":"https:\/\/preview.freepi.io\/sites\/ultraacoustics\/wp-json\/wp\/v2\/pages"}],"about":[{"href":"https:\/\/preview.freepi.io\/sites\/ultraacoustics\/wp-json\/wp\/v2\/types\/page"}],"author":[{"embeddable":true,"href":"https:\/\/preview.freepi.io\/sites\/ultraacoustics\/wp-json\/wp\/v2\/users\/1"}],"replies":[{"embeddable":true,"href":"https:\/\/preview.freepi.io\/sites\/ultraacoustics\/wp-json\/wp\/v2\/comments?post=11783"}],"version-history":[{"count":12,"href":"https:\/\/preview.freepi.io\/sites\/ultraacoustics\/wp-json\/wp\/v2\/pages\/11783\/revisions"}],"predecessor-version":[{"id":989685,"href":"https:\/\/preview.freepi.io\/sites\/ultraacoustics\/wp-json\/wp\/v2\/pages\/11783\/revisions\/989685"}],"up":[{"embeddable":true,"href":"https:\/\/preview.freepi.io\/sites\/ultraacoustics\/wp-json\/wp\/v2\/pages\/4604"}],"wp:featuredmedia":[{"embeddable":true,"href":"https:\/\/preview.freepi.io\/sites\/ultraacoustics\/wp-json\/wp\/v2\/media\/989439"}],"wp:attachment":[{"href":"https:\/\/preview.freepi.io\/sites\/ultraacoustics\/wp-json\/wp\/v2\/media?parent=11783"}],"curies":[{"name":"wp","href":"https:\/\/api.w.org\/{rel}","templated":true}]}}