{"id":11792,"date":"2023-12-05T17:28:00","date_gmt":"2023-12-05T17:28:00","guid":{"rendered":"https:\/\/pixelpiernyc.vamtam.com\/?page_id=11792"},"modified":"2025-06-13T00:55:10","modified_gmt":"2025-06-13T00:55:10","slug":"lee-fong","status":"publish","type":"page","link":"https:\/\/preview.freepi.io\/sites\/ultraacoustics\/horizontal-layout\/lee-fong\/","title":{"rendered":"Audio por zonas"},"content":{"rendered":"\t\t<div data-elementor-type=\"wp-page\" data-elementor-id=\"11792\" class=\"elementor elementor-11792\" data-elementor-post-type=\"page\">\n\t\t\t\t<div class=\"elementor-element elementor-element-3cce085c elementor-hidden-mobile e-flex e-con-boxed e-con e-parent\" data-id=\"3cce085c\" data-element_type=\"container\">\n\t\t\t\t\t<div class=\"e-con-inner\">\n\t\t<div class=\"elementor-element elementor-element-1d65834c e-con-full e-flex e-con e-child\" data-id=\"1d65834c\" data-element_type=\"container\">\n\t\t\t\t<div class=\"elementor-element elementor-element-647a3133 elementor-widget elementor-widget-text-editor\" data-id=\"647a3133\" data-element_type=\"widget\" data-widget_type=\"text-editor.default\">\n\t\t\t\t\t\t\t\t\t<p>Dise\u00f1amos ambientes sonoros espec\u00edficos para cada \u00e1rea y hora de tu espacio: desde la recepci\u00f3n hasta las salas VIP, programamos playlists y niveles de volumen que se adaptan a la afluencia y al momento del d\u00eda. As\u00ed, cada rinc\u00f3n ofrece la atm\u00f3sfera perfecta, potenciando la experiencia del cliente y optimizando cada interacci\u00f3n con tu marca.<\/p>\t\t\t\t\t\t\t\t<\/div>\n\t\t\t\t<\/div>\n\t\t<div class=\"elementor-element elementor-element-507c31c4 e-con-full e-flex e-con e-child\" data-id=\"507c31c4\" data-element_type=\"container\">\n\t\t\t\t<div class=\"elementor-element elementor-element-558cac89 elementor-widget elementor-widget-image\" data-id=\"558cac89\" data-element_type=\"widget\" data-widget_type=\"image.default\">\n\t\t\t\t\t\t\t\t\t\t\t\t\t\t\t<img fetchpriority=\"high\" decoding=\"async\" width=\"1024\" height=\"1024\" src=\"https:\/\/preview.freepi.io\/sites\/ultraacoustics\/wp-content\/uploads\/2025\/06\/UAC_MUSIC_ZONAS-1024x1024.webp\" class=\"attachment-large size-large wp-image-989428\" alt=\"\" srcset=\"https:\/\/preview.freepi.io\/sites\/ultraacoustics\/wp-content\/uploads\/2025\/06\/UAC_MUSIC_ZONAS-1024x1024.webp 1024w, https:\/\/preview.freepi.io\/sites\/ultraacoustics\/wp-content\/uploads\/2025\/06\/UAC_MUSIC_ZONAS-300x300.webp 300w, https:\/\/preview.freepi.io\/sites\/ultraacoustics\/wp-content\/uploads\/2025\/06\/UAC_MUSIC_ZONAS-150x150.webp 150w, https:\/\/preview.freepi.io\/sites\/ultraacoustics\/wp-content\/uploads\/2025\/06\/UAC_MUSIC_ZONAS-768x768.webp 768w, https:\/\/preview.freepi.io\/sites\/ultraacoustics\/wp-content\/uploads\/2025\/06\/UAC_MUSIC_ZONAS.webp 1188w\" sizes=\"(max-width: 1024px) 100vw, 1024px\" \/>\t\t\t\t\t\t\t\t\t\t\t\t\t\t\t<\/div>\n\t\t\t\t<\/div>\n\t\t\t\t\t<\/div>\n\t\t\t\t<\/div>\n\t\t<div class=\"elementor-element elementor-element-d548a6f elementor-hidden-desktop elementor-hidden-tablet e-flex e-con-boxed e-con e-parent\" data-id=\"d548a6f\" data-element_type=\"container\">\n\t\t\t\t\t<div class=\"e-con-inner\">\n\t\t<div class=\"elementor-element elementor-element-ef3f579 e-con-full e-flex e-con e-child\" data-id=\"ef3f579\" data-element_type=\"container\">\n\t\t\t\t<\/div>\n\t\t<div class=\"elementor-element elementor-element-263cfbe e-con-full e-flex e-con e-child\" data-id=\"263cfbe\" data-element_type=\"container\">\n\t\t\t\t<div class=\"elementor-element elementor-element-3f7b800 elementor-widget elementor-widget-text-editor\" data-id=\"3f7b800\" data-element_type=\"widget\" data-widget_type=\"text-editor.default\">\n\t\t\t\t\t\t\t\t\t<p>Dise\u00f1amos ambientes sonoros espec\u00edficos para cada \u00e1rea y hora de tu espacio: desde la recepci\u00f3n hasta las salas VIP, programamos playlists y niveles de volumen que se adaptan a la afluencia y al momento del d\u00eda. As\u00ed, cada rinc\u00f3n ofrece la atm\u00f3sfera perfecta, potenciando la experiencia del cliente y optimizando cada interacci\u00f3n con tu marca.<\/p>\t\t\t\t\t\t\t\t<\/div>\n\t\t\t\t<div class=\"elementor-element elementor-element-81afd33 elementor-widget elementor-widget-image\" data-id=\"81afd33\" data-element_type=\"widget\" data-widget_type=\"image.default\">\n\t\t\t\t\t\t\t\t\t\t\t\t\t\t\t<img fetchpriority=\"high\" decoding=\"async\" width=\"1024\" height=\"1024\" src=\"https:\/\/preview.freepi.io\/sites\/ultraacoustics\/wp-content\/uploads\/2025\/06\/UAC_MUSIC_ZONAS-1024x1024.webp\" class=\"attachment-large size-large wp-image-989428\" alt=\"\" srcset=\"https:\/\/preview.freepi.io\/sites\/ultraacoustics\/wp-content\/uploads\/2025\/06\/UAC_MUSIC_ZONAS-1024x1024.webp 1024w, https:\/\/preview.freepi.io\/sites\/ultraacoustics\/wp-content\/uploads\/2025\/06\/UAC_MUSIC_ZONAS-300x300.webp 300w, https:\/\/preview.freepi.io\/sites\/ultraacoustics\/wp-content\/uploads\/2025\/06\/UAC_MUSIC_ZONAS-150x150.webp 150w, https:\/\/preview.freepi.io\/sites\/ultraacoustics\/wp-content\/uploads\/2025\/06\/UAC_MUSIC_ZONAS-768x768.webp 768w, https:\/\/preview.freepi.io\/sites\/ultraacoustics\/wp-content\/uploads\/2025\/06\/UAC_MUSIC_ZONAS.webp 1188w\" sizes=\"(max-width: 1024px) 100vw, 1024px\" \/>\t\t\t\t\t\t\t\t\t\t\t\t\t\t\t<\/div>\n\t\t\t\t<\/div>\n\t\t\t\t\t<\/div>\n\t\t\t\t<\/div>\n\t\t\t\t<\/div>\n\t\t","protected":false},"excerpt":{"rendered":"<p> Programaci\u00f3n por zonas o franjas horarias<\/p>\n","protected":false},"author":1,"featured_media":989428,"parent":4604,"menu_order":0,"comment_status":"closed","ping_status":"closed","template":"","meta":{"inline_featured_image":false,"footnotes":""},"class_list":["post-11792","page","type-page","status-publish","has-post-thumbnail","hentry"],"_links":{"self":[{"href":"https:\/\/preview.freepi.io\/sites\/ultraacoustics\/wp-json\/wp\/v2\/pages\/11792","targetHints":{"allow":["GET"]}}],"collection":[{"href":"https:\/\/preview.freepi.io\/sites\/ultraacoustics\/wp-json\/wp\/v2\/pages"}],"about":[{"href":"https:\/\/preview.freepi.io\/sites\/ultraacoustics\/wp-json\/wp\/v2\/types\/page"}],"author":[{"embeddable":true,"href":"https:\/\/preview.freepi.io\/sites\/ultraacoustics\/wp-json\/wp\/v2\/users\/1"}],"replies":[{"embeddable":true,"href":"https:\/\/preview.freepi.io\/sites\/ultraacoustics\/wp-json\/wp\/v2\/comments?post=11792"}],"version-history":[{"count":12,"href":"https:\/\/preview.freepi.io\/sites\/ultraacoustics\/wp-json\/wp\/v2\/pages\/11792\/revisions"}],"predecessor-version":[{"id":989688,"href":"https:\/\/preview.freepi.io\/sites\/ultraacoustics\/wp-json\/wp\/v2\/pages\/11792\/revisions\/989688"}],"up":[{"embeddable":true,"href":"https:\/\/preview.freepi.io\/sites\/ultraacoustics\/wp-json\/wp\/v2\/pages\/4604"}],"wp:featuredmedia":[{"embeddable":true,"href":"https:\/\/preview.freepi.io\/sites\/ultraacoustics\/wp-json\/wp\/v2\/media\/989428"}],"wp:attachment":[{"href":"https:\/\/preview.freepi.io\/sites\/ultraacoustics\/wp-json\/wp\/v2\/media?parent=11792"}],"curies":[{"name":"wp","href":"https:\/\/api.w.org\/{rel}","templated":true}]}}