{"id":11794,"date":"2023-12-05T17:28:29","date_gmt":"2023-12-05T17:28:29","guid":{"rendered":"https:\/\/pixelpiernyc.vamtam.com\/?page_id=11794"},"modified":"2025-06-16T16:52:12","modified_gmt":"2025-06-16T16:52:12","slug":"playlists","status":"publish","type":"page","link":"https:\/\/preview.freepi.io\/sites\/ultraacoustics\/horizontal-layout\/playlists\/","title":{"rendered":"Playlists"},"content":{"rendered":"\t\t<div data-elementor-type=\"wp-page\" data-elementor-id=\"11794\" class=\"elementor elementor-11794\" data-elementor-post-type=\"page\">\n\t\t\t\t<div class=\"elementor-element elementor-element-49b17484 elementor-hidden-mobile e-flex e-con-boxed e-con e-parent\" data-id=\"49b17484\" data-element_type=\"container\">\n\t\t\t\t\t<div class=\"e-con-inner\">\n\t\t<div class=\"elementor-element elementor-element-53918da1 e-con-full e-flex e-con e-child\" data-id=\"53918da1\" data-element_type=\"container\">\n\t\t\t\t<div class=\"elementor-element elementor-element-7c9949ba elementor-widget elementor-widget-text-editor\" data-id=\"7c9949ba\" data-element_type=\"widget\" data-widget_type=\"text-editor.default\">\n\t\t\t\t\t\t\t\t\t<p>Creamos listas exclusivas que hablan el idioma de tu marca: analizan tu p\u00fablico, el ritmo del espacio y los objetivos de venta para seleccionar cada track con intenci\u00f3n. El resultado es una banda sonora \u00fanica, ajustada a franjas horarias, temporadas y campa\u00f1as, que refuerza la identidad y mantiene el ambiente siempre en sinton\u00eda con la experiencia que quieres transmitir.<\/p>\t\t\t\t\t\t\t\t<\/div>\n\t\t\t\t<\/div>\n\t\t<div class=\"elementor-element elementor-element-311efbe e-con-full e-flex e-con e-child\" data-id=\"311efbe\" data-element_type=\"container\">\n\t\t\t\t<div class=\"elementor-element elementor-element-22e387c elementor-widget elementor-widget-image\" data-id=\"22e387c\" data-element_type=\"widget\" data-widget_type=\"image.default\">\n\t\t\t\t\t\t\t\t\t\t\t\t\t\t\t<img fetchpriority=\"high\" decoding=\"async\" width=\"1024\" height=\"1024\" src=\"https:\/\/preview.freepi.io\/sites\/ultraacoustics\/wp-content\/uploads\/2025\/06\/UAC_MUSIC_PLAYLIST-1024x1024.webp\" class=\"attachment-large size-large wp-image-989424\" alt=\"\" srcset=\"https:\/\/preview.freepi.io\/sites\/ultraacoustics\/wp-content\/uploads\/2025\/06\/UAC_MUSIC_PLAYLIST-1024x1024.webp 1024w, https:\/\/preview.freepi.io\/sites\/ultraacoustics\/wp-content\/uploads\/2025\/06\/UAC_MUSIC_PLAYLIST-300x300.webp 300w, https:\/\/preview.freepi.io\/sites\/ultraacoustics\/wp-content\/uploads\/2025\/06\/UAC_MUSIC_PLAYLIST-150x150.webp 150w, https:\/\/preview.freepi.io\/sites\/ultraacoustics\/wp-content\/uploads\/2025\/06\/UAC_MUSIC_PLAYLIST-768x768.webp 768w, https:\/\/preview.freepi.io\/sites\/ultraacoustics\/wp-content\/uploads\/2025\/06\/UAC_MUSIC_PLAYLIST.webp 1188w\" sizes=\"(max-width: 1024px) 100vw, 1024px\" \/>\t\t\t\t\t\t\t\t\t\t\t\t\t\t\t<\/div>\n\t\t\t\t<\/div>\n\t\t\t\t\t<\/div>\n\t\t\t\t<\/div>\n\t\t<div class=\"elementor-element elementor-element-00e28d7 elementor-hidden-desktop elementor-hidden-tablet e-flex e-con-boxed e-con e-parent\" data-id=\"00e28d7\" data-element_type=\"container\">\n\t\t\t\t\t<div class=\"e-con-inner\">\n\t\t<div class=\"elementor-element elementor-element-735a7c3 e-con-full e-flex e-con e-child\" data-id=\"735a7c3\" data-element_type=\"container\">\n\t\t\t\t<div class=\"vamtam-has-theme-widget-styles elementor-element elementor-element-5a72785 elementor-widget elementor-widget-heading\" data-id=\"5a72785\" data-element_type=\"widget\" data-widget_type=\"heading.default\">\n\t\t\t\t\t<h6 class=\"elementor-heading-title elementor-size-default\">Bio<\/h6>\t\t\t\t<\/div>\n\t\t\t\t<\/div>\n\t\t<div class=\"elementor-element elementor-element-5c19f78 e-con-full e-flex e-con e-child\" data-id=\"5c19f78\" data-element_type=\"container\">\n\t\t\t\t<div class=\"elementor-element elementor-element-c1efe9d elementor-widget elementor-widget-text-editor\" data-id=\"c1efe9d\" data-element_type=\"widget\" data-widget_type=\"text-editor.default\">\n\t\t\t\t\t\t\t\t\t<p>Creamos listas exclusivas que hablan el idioma de tu marca: analizan tu p\u00fablico, el ritmo del espacio y los objetivos de venta para seleccionar cada track con intenci\u00f3n. El resultado es una banda sonora \u00fanica, ajustada a franjas horarias, temporadas y campa\u00f1as, que refuerza la identidad y mantiene el ambiente siempre en sinton\u00eda con la experiencia que quieres transmitir.<\/p>\t\t\t\t\t\t\t\t<\/div>\n\t\t\t\t<div class=\"elementor-element elementor-element-88b3102 elementor-widget elementor-widget-image\" data-id=\"88b3102\" data-element_type=\"widget\" data-widget_type=\"image.default\">\n\t\t\t\t\t\t\t\t\t\t\t\t\t\t\t<img fetchpriority=\"high\" decoding=\"async\" width=\"1024\" height=\"1024\" src=\"https:\/\/preview.freepi.io\/sites\/ultraacoustics\/wp-content\/uploads\/2025\/06\/UAC_MUSIC_PLAYLIST-1024x1024.webp\" class=\"attachment-large size-large wp-image-989424\" alt=\"\" srcset=\"https:\/\/preview.freepi.io\/sites\/ultraacoustics\/wp-content\/uploads\/2025\/06\/UAC_MUSIC_PLAYLIST-1024x1024.webp 1024w, https:\/\/preview.freepi.io\/sites\/ultraacoustics\/wp-content\/uploads\/2025\/06\/UAC_MUSIC_PLAYLIST-300x300.webp 300w, https:\/\/preview.freepi.io\/sites\/ultraacoustics\/wp-content\/uploads\/2025\/06\/UAC_MUSIC_PLAYLIST-150x150.webp 150w, https:\/\/preview.freepi.io\/sites\/ultraacoustics\/wp-content\/uploads\/2025\/06\/UAC_MUSIC_PLAYLIST-768x768.webp 768w, https:\/\/preview.freepi.io\/sites\/ultraacoustics\/wp-content\/uploads\/2025\/06\/UAC_MUSIC_PLAYLIST.webp 1188w\" sizes=\"(max-width: 1024px) 100vw, 1024px\" \/>\t\t\t\t\t\t\t\t\t\t\t\t\t\t\t<\/div>\n\t\t\t\t<\/div>\n\t\t\t\t\t<\/div>\n\t\t\t\t<\/div>\n\t\t\t\t<\/div>\n\t\t","protected":false},"excerpt":{"rendered":"<p>Creamos playlist hechas a la medida<\/p>\n","protected":false},"author":1,"featured_media":989424,"parent":4604,"menu_order":0,"comment_status":"closed","ping_status":"closed","template":"","meta":{"inline_featured_image":false,"footnotes":""},"class_list":["post-11794","page","type-page","status-publish","has-post-thumbnail","hentry"],"_links":{"self":[{"href":"https:\/\/preview.freepi.io\/sites\/ultraacoustics\/wp-json\/wp\/v2\/pages\/11794","targetHints":{"allow":["GET"]}}],"collection":[{"href":"https:\/\/preview.freepi.io\/sites\/ultraacoustics\/wp-json\/wp\/v2\/pages"}],"about":[{"href":"https:\/\/preview.freepi.io\/sites\/ultraacoustics\/wp-json\/wp\/v2\/types\/page"}],"author":[{"embeddable":true,"href":"https:\/\/preview.freepi.io\/sites\/ultraacoustics\/wp-json\/wp\/v2\/users\/1"}],"replies":[{"embeddable":true,"href":"https:\/\/preview.freepi.io\/sites\/ultraacoustics\/wp-json\/wp\/v2\/comments?post=11794"}],"version-history":[{"count":15,"href":"https:\/\/preview.freepi.io\/sites\/ultraacoustics\/wp-json\/wp\/v2\/pages\/11794\/revisions"}],"predecessor-version":[{"id":989774,"href":"https:\/\/preview.freepi.io\/sites\/ultraacoustics\/wp-json\/wp\/v2\/pages\/11794\/revisions\/989774"}],"up":[{"embeddable":true,"href":"https:\/\/preview.freepi.io\/sites\/ultraacoustics\/wp-json\/wp\/v2\/pages\/4604"}],"wp:featuredmedia":[{"embeddable":true,"href":"https:\/\/preview.freepi.io\/sites\/ultraacoustics\/wp-json\/wp\/v2\/media\/989424"}],"wp:attachment":[{"href":"https:\/\/preview.freepi.io\/sites\/ultraacoustics\/wp-json\/wp\/v2\/media?parent=11794"}],"curies":[{"name":"wp","href":"https:\/\/api.w.org\/{rel}","templated":true}]}}