{"id":15864,"date":"2023-12-05T05:20:24","date_gmt":"2023-12-05T05:20:24","guid":{"rendered":"https:\/\/pixelpiernyc.vamtam.com\/?page_id=15864"},"modified":"2025-06-13T19:18:38","modified_gmt":"2025-06-13T19:18:38","slug":"shinzo-akihiko","status":"publish","type":"page","link":"https:\/\/preview.freepi.io\/sites\/ultraacoustics\/horizontal-layout\/shinzo-akihiko\/","title":{"rendered":"Siempre al d\u00eda"},"content":{"rendered":"\t\t<div data-elementor-type=\"wp-page\" data-elementor-id=\"15864\" class=\"elementor elementor-15864\" data-elementor-post-type=\"page\">\n\t\t\t\t<div class=\"elementor-element elementor-element-1889a99 elementor-hidden-mobile e-flex e-con-boxed e-con e-parent\" data-id=\"1889a99\" data-element_type=\"container\">\n\t\t\t\t\t<div class=\"e-con-inner\">\n\t\t<div class=\"elementor-element elementor-element-33251eeb e-con-full e-flex e-con e-child\" data-id=\"33251eeb\" data-element_type=\"container\">\n\t\t\t\t<div class=\"elementor-element elementor-element-630ed856 elementor-widget elementor-widget-text-editor\" data-id=\"630ed856\" data-element_type=\"widget\" data-widget_type=\"text-editor.default\">\n\t\t\t\t\t\t\t\t\t<p>Nuestro sistema se actualiza de forma autom\u00e1tica y continua, incorporando nuevas playlists, parches de software y ajustes de configuraci\u00f3n sin que tengas que mover un dedo. As\u00ed garantizas que tus espacios siempre ofrezcan lo \u00faltimo en sonido y experiencia sensorial, sin interrupciones ni complicaciones.<\/p>\t\t\t\t\t\t\t\t<\/div>\n\t\t\t\t<\/div>\n\t\t<div class=\"elementor-element elementor-element-292f631a e-con-full e-flex e-con e-child\" data-id=\"292f631a\" data-element_type=\"container\">\n\t\t\t\t<div class=\"elementor-element elementor-element-3c887553 elementor-widget elementor-widget-image\" data-id=\"3c887553\" data-element_type=\"widget\" data-widget_type=\"image.default\">\n\t\t\t\t\t\t\t\t\t\t\t\t\t\t\t<img fetchpriority=\"high\" decoding=\"async\" width=\"1024\" height=\"1024\" src=\"https:\/\/preview.freepi.io\/sites\/ultraacoustics\/wp-content\/uploads\/2025\/06\/UAC_MUSIC_UPDATE-1024x1024.webp\" class=\"attachment-large size-large wp-image-989754\" alt=\"\" srcset=\"https:\/\/preview.freepi.io\/sites\/ultraacoustics\/wp-content\/uploads\/2025\/06\/UAC_MUSIC_UPDATE-1024x1024.webp 1024w, https:\/\/preview.freepi.io\/sites\/ultraacoustics\/wp-content\/uploads\/2025\/06\/UAC_MUSIC_UPDATE-300x300.webp 300w, https:\/\/preview.freepi.io\/sites\/ultraacoustics\/wp-content\/uploads\/2025\/06\/UAC_MUSIC_UPDATE-150x150.webp 150w, https:\/\/preview.freepi.io\/sites\/ultraacoustics\/wp-content\/uploads\/2025\/06\/UAC_MUSIC_UPDATE-768x768.webp 768w, https:\/\/preview.freepi.io\/sites\/ultraacoustics\/wp-content\/uploads\/2025\/06\/UAC_MUSIC_UPDATE.webp 1188w\" sizes=\"(max-width: 1024px) 100vw, 1024px\" \/>\t\t\t\t\t\t\t\t\t\t\t\t\t\t\t<\/div>\n\t\t\t\t<\/div>\n\t\t\t\t\t<\/div>\n\t\t\t\t<\/div>\n\t\t<div class=\"elementor-element elementor-element-e258cea elementor-hidden-desktop elementor-hidden-tablet e-flex e-con-boxed e-con e-parent\" data-id=\"e258cea\" data-element_type=\"container\">\n\t\t\t\t\t<div class=\"e-con-inner\">\n\t\t<div class=\"elementor-element elementor-element-af08d28 e-con-full e-flex e-con e-child\" data-id=\"af08d28\" data-element_type=\"container\">\n\t\t\t\t<\/div>\n\t\t<div class=\"elementor-element elementor-element-90bfff4 e-con-full e-flex e-con e-child\" data-id=\"90bfff4\" data-element_type=\"container\">\n\t\t\t\t<div class=\"elementor-element elementor-element-9c4999a elementor-widget elementor-widget-text-editor\" data-id=\"9c4999a\" data-element_type=\"widget\" data-widget_type=\"text-editor.default\">\n\t\t\t\t\t\t\t\t\t<p>Nuestro sistema se actualiza de forma autom\u00e1tica y continua, incorporando nuevas playlists, parches de software y ajustes de configuraci\u00f3n sin que tengas que mover un dedo. As\u00ed garantizas que tus espacios siempre ofrezcan lo \u00faltimo en sonido y experiencia sensorial, sin interrupciones ni complicaciones.<\/p>\t\t\t\t\t\t\t\t<\/div>\n\t\t\t\t<div class=\"elementor-element elementor-element-8d573f0 elementor-widget elementor-widget-image\" data-id=\"8d573f0\" data-element_type=\"widget\" data-widget_type=\"image.default\">\n\t\t\t\t\t\t\t\t\t\t\t\t\t\t\t<img decoding=\"async\" width=\"1024\" height=\"1024\" src=\"https:\/\/preview.freepi.io\/sites\/ultraacoustics\/wp-content\/uploads\/2025\/05\/ChatGPT-Image-28-may-2025-07_53_16-p.m.webp\" class=\"attachment-large size-large wp-image-988399\" alt=\"\" srcset=\"https:\/\/preview.freepi.io\/sites\/ultraacoustics\/wp-content\/uploads\/2025\/05\/ChatGPT-Image-28-may-2025-07_53_16-p.m.webp 1024w, https:\/\/preview.freepi.io\/sites\/ultraacoustics\/wp-content\/uploads\/2025\/05\/ChatGPT-Image-28-may-2025-07_53_16-p.m-300x300.webp 300w, https:\/\/preview.freepi.io\/sites\/ultraacoustics\/wp-content\/uploads\/2025\/05\/ChatGPT-Image-28-may-2025-07_53_16-p.m-150x150.webp 150w, https:\/\/preview.freepi.io\/sites\/ultraacoustics\/wp-content\/uploads\/2025\/05\/ChatGPT-Image-28-may-2025-07_53_16-p.m-768x768.webp 768w\" sizes=\"(max-width: 1024px) 100vw, 1024px\" \/>\t\t\t\t\t\t\t\t\t\t\t\t\t\t\t<\/div>\n\t\t\t\t<\/div>\n\t\t\t\t\t<\/div>\n\t\t\t\t<\/div>\n\t\t\t\t<\/div>\n\t\t","protected":false},"excerpt":{"rendered":"<p>Actualizaciones autom\u00e1ticas y continuas<\/p>\n","protected":false},"author":1,"featured_media":989754,"parent":4604,"menu_order":0,"comment_status":"closed","ping_status":"closed","template":"","meta":{"inline_featured_image":false,"footnotes":""},"class_list":["post-15864","page","type-page","status-publish","has-post-thumbnail","hentry"],"_links":{"self":[{"href":"https:\/\/preview.freepi.io\/sites\/ultraacoustics\/wp-json\/wp\/v2\/pages\/15864","targetHints":{"allow":["GET"]}}],"collection":[{"href":"https:\/\/preview.freepi.io\/sites\/ultraacoustics\/wp-json\/wp\/v2\/pages"}],"about":[{"href":"https:\/\/preview.freepi.io\/sites\/ultraacoustics\/wp-json\/wp\/v2\/types\/page"}],"author":[{"embeddable":true,"href":"https:\/\/preview.freepi.io\/sites\/ultraacoustics\/wp-json\/wp\/v2\/users\/1"}],"replies":[{"embeddable":true,"href":"https:\/\/preview.freepi.io\/sites\/ultraacoustics\/wp-json\/wp\/v2\/comments?post=15864"}],"version-history":[{"count":9,"href":"https:\/\/preview.freepi.io\/sites\/ultraacoustics\/wp-json\/wp\/v2\/pages\/15864\/revisions"}],"predecessor-version":[{"id":989757,"href":"https:\/\/preview.freepi.io\/sites\/ultraacoustics\/wp-json\/wp\/v2\/pages\/15864\/revisions\/989757"}],"up":[{"embeddable":true,"href":"https:\/\/preview.freepi.io\/sites\/ultraacoustics\/wp-json\/wp\/v2\/pages\/4604"}],"wp:featuredmedia":[{"embeddable":true,"href":"https:\/\/preview.freepi.io\/sites\/ultraacoustics\/wp-json\/wp\/v2\/media\/989754"}],"wp:attachment":[{"href":"https:\/\/preview.freepi.io\/sites\/ultraacoustics\/wp-json\/wp\/v2\/media?parent=15864"}],"curies":[{"name":"wp","href":"https:\/\/api.w.org\/{rel}","templated":true}]}}